{"id":10408,"date":"2026-04-09T16:04:59","date_gmt":"2026-04-09T20:04:59","guid":{"rendered":"https:\/\/www.extranoticias.cl\/avisos-legales\/?page_id=10408"},"modified":"2026-04-09T23:46:56","modified_gmt":"2026-04-10T03:46:56","slug":"pagar-aviso-pdf-texto-a-medida","status":"publish","type":"page","link":"https:\/\/www.extranoticias.cl\/avisos-legales\/pagar-aviso-pdf-texto-a-medida\/","title":{"rendered":"PAGAR AVISO PDF 80 Mil"},"content":{"rendered":"<div class=\"boton_webpay\">\n<form name=\"btnPago\" method=\"post\" action=\"https:\/\/webpay3g.transbank.cl\/filtroUnificado\/buttonService\"><input type=\"hidden\" name=\"buttonId\" value=\"d87bca0b31f53bbef0587ee517a7cf5b\" \/> <input type=\"image\" src=\"https:\/\/www.transbank.cl\/public\/img\/botonwebpay.gif\" \/><\/form>\n<p><span class=\"valorch\">$80.000.- (IVA incluido)<\/span><\/p>\n<\/div>\n<p>Al pinchar el bot\u00f3n de pago WebPay, ingresar\u00e1 al sitio seguro de Transbank<span style=\"font-size: 12px; margin: 0 0 0 1px;\"><sup>\u00ae<\/sup><\/span> que se conectar\u00e1 con su banco donde podr\u00e1 pagar su aviso.<\/p>\n<p><strong>\u00bfProblemas con el Pago?<\/strong><br \/>\n<a href=\"https:\/\/www.extranoticias.cl\/avisos-legales\/pago-con-transferencia-bancaria\/\">Pinche aqu\u00ed para pagar con <span style=\"white-space: nowrap;\">Transferencia<\/span> Bancaria,<\/a> o revise su casilla de correo electr\u00f3nico. Acabamos de enviar un e-mail confirmando su pedido y los datos para dep\u00f3sito o transferencia electr\u00f3nica.<\/p>\n<p>Av\u00edsenos de su dep\u00f3sito a <a href=\"mailto:ventas@extranoticias.cl\">ventas@extranoticias.cl<\/a>,<br \/>\no ll\u00e1menos al <a style=\"color: #000;\" href=\"tel:+56982079724\"><b>(9) 820 797 24<\/b><\/a><a style=\"color: ##1c438d; font-size: 15px; font-weight: bold; margin: 10px 0 8px;\" href=\"https:\/\/www.extranoticias.cl\/avisos-legales\/contacto-avisos\/\"><span style=\"font-size: 20px;\"><\/span><\/a><\/p>\n","protected":false},"excerpt":{"rendered":"<p>$76.000.- (IVA incluido) Al pinchar el bot\u00f3n de pago WebPay, ingresar\u00e1 al sitio seguro de Transbank\u00ae que se conectar\u00e1 con su banco donde podr\u00e1 pagar su aviso. \u00bfProblemas con el Pago? Pinche aqu\u00ed para<\/p>\n","protected":false},"author":4,"featured_media":3942,"parent":0,"menu_order":0,"comment_status":"closed","ping_status":"closed","template":"","meta":{"_acf_changed":false,"footnotes":""},"tags":[],"class_list":["post-10408","page","type-page","status-publish","has-post-thumbnail","hentry"],"acf":[],"_links":{"self":[{"href":"https:\/\/www.extranoticias.cl\/avisos-legales\/wp-json\/wp\/v2\/pages\/10408","targetHints":{"allow":["GET"]}}],"collection":[{"href":"https:\/\/www.extranoticias.cl\/avisos-legales\/wp-json\/wp\/v2\/pages"}],"about":[{"href":"https:\/\/www.extranoticias.cl\/avisos-legales\/wp-json\/wp\/v2\/types\/page"}],"author":[{"embeddable":true,"href":"https:\/\/www.extranoticias.cl\/avisos-legales\/wp-json\/wp\/v2\/users\/4"}],"replies":[{"embeddable":true,"href":"https:\/\/www.extranoticias.cl\/avisos-legales\/wp-json\/wp\/v2\/comments?post=10408"}],"version-history":[{"count":0,"href":"https:\/\/www.extranoticias.cl\/avisos-legales\/wp-json\/wp\/v2\/pages\/10408\/revisions"}],"wp:featuredmedia":[{"embeddable":true,"href":"https:\/\/www.extranoticias.cl\/avisos-legales\/wp-json\/wp\/v2\/media\/3942"}],"wp:attachment":[{"href":"https:\/\/www.extranoticias.cl\/avisos-legales\/wp-json\/wp\/v2\/media?parent=10408"}],"wp:term":[{"taxonomy":"post_tag","embeddable":true,"href":"https:\/\/www.extranoticias.cl\/avisos-legales\/wp-json\/wp\/v2\/tags?post=10408"}],"curies":[{"name":"wp","href":"https:\/\/api.w.org\/{rel}","templated":true}]}}