{"id":1456,"date":"2018-02-07T16:19:32","date_gmt":"2018-02-07T19:19:32","guid":{"rendered":"http:\/\/www.extranoticias.cl\/avisos-legales\/?page_id=1456"},"modified":"2023-06-22T22:53:15","modified_gmt":"2023-06-23T02:53:15","slug":"quienes-somos","status":"publish","type":"page","link":"https:\/\/www.extranoticias.cl\/avisos-legales\/quienes-somos\/","title":{"rendered":"Qui\u00e9nes Somos"},"content":{"rendered":"<p><strong>Extranoticias.cl<\/strong> es una empresa perteneciente a Lamar Comunicaciones Ltda. sociedad constituida el a\u00f1o 1995, con domicilio comercial en Los Militares N\u00b05150, comuna de Las Condes, Santiago, Chile. Su director, el periodista, se\u00f1or Roberto Marchant D\u00edaz.<\/p>\n<p>El diario electr\u00f3nico nace en 2007 con el prop\u00f3sito de descentralizar la agenda informativa ofrecida por los medios tradicionales, acostumbrados a nutrir al p\u00fablico con una cargada cobertura pol\u00edtica o policial, muchas veces alejada de la realidad que viven personas en distintos rincones del pa\u00eds. Agendas que responden a elites y grupos de inter\u00e9s pol\u00edtico, econ\u00f3mico, religioso, entre otros.<\/p>\n<p><strong>Extranoticias.cl<\/strong> se caracteriza por ser un diario digital <strong>independiente<\/strong>, que da \u00e9nfasis a la realidad acontecida en regiones, no necesariamente sucesos, con la finalidad de reflejar inquietudes que ocurren en distintas zonas del pa\u00eds. Intenta, del mismo modo, representar a la mitad de los chilenos que no viven en la capital, Santiago, mostrando el quehacer y progresos de ciudades y localidades.<\/p>\n<p>Es un medio de comunicaci\u00f3n <strong>cristiano<\/strong> y <strong>humanista<\/strong>, que cree en la <strong>libertad<\/strong> y el <strong>respeto<\/strong>. Nuestra l\u00ednea editorial fomenta asimismo, el <strong>emprendimiento<\/strong> y el aporte que puede entregar toda persona a una sociedad desde su particular \u00e1mbito. Con nuestras noticias proponemos que el lector conozca diferentes enfoques de hechos, tanto nacionales como internacionales, que pueda aquilatarlos, procesarlos y as\u00ed forme su propia opini\u00f3n.<\/p>\n","protected":false},"excerpt":{"rendered":"<p>Extranoticias.cl es una empresa perteneciente a Lamar Comunicaciones Ltda. sociedad constituida el a\u00f1o 1995, con domicilio comercial en Los Militares N\u00b05150, comuna de Las Condes, Santiago, Chile. Su director, el periodista, se\u00f1or Roberto Marchant D\u00edaz. El diario electr\u00f3nico nace en 2007 con el prop\u00f3sito de descentralizar la agenda informativa ofrecida por los medios tradicionales, acostumbrados<a class=\"moretag\" href=\"https:\/\/www.extranoticias.cl\/avisos-legales\/quienes-somos\/\"> ...<\/a><\/p>\n","protected":false},"author":4,"featured_media":0,"parent":0,"menu_order":0,"comment_status":"closed","ping_status":"closed","template":"","meta":{"_acf_changed":false,"footnotes":""},"tags":[],"class_list":["post-1456","page","type-page","status-publish","hentry"],"acf":[],"_links":{"self":[{"href":"https:\/\/www.extranoticias.cl\/avisos-legales\/wp-json\/wp\/v2\/pages\/1456","targetHints":{"allow":["GET"]}}],"collection":[{"href":"https:\/\/www.extranoticias.cl\/avisos-legales\/wp-json\/wp\/v2\/pages"}],"about":[{"href":"https:\/\/www.extranoticias.cl\/avisos-legales\/wp-json\/wp\/v2\/types\/page"}],"author":[{"embeddable":true,"href":"https:\/\/www.extranoticias.cl\/avisos-legales\/wp-json\/wp\/v2\/users\/4"}],"replies":[{"embeddable":true,"href":"https:\/\/www.extranoticias.cl\/avisos-legales\/wp-json\/wp\/v2\/comments?post=1456"}],"version-history":[{"count":0,"href":"https:\/\/www.extranoticias.cl\/avisos-legales\/wp-json\/wp\/v2\/pages\/1456\/revisions"}],"wp:attachment":[{"href":"https:\/\/www.extranoticias.cl\/avisos-legales\/wp-json\/wp\/v2\/media?parent=1456"}],"wp:term":[{"taxonomy":"post_tag","embeddable":true,"href":"https:\/\/www.extranoticias.cl\/avisos-legales\/wp-json\/wp\/v2\/tags?post=1456"}],"curies":[{"name":"wp","href":"https:\/\/api.w.org\/{rel}","templated":true}]}}